{"id":1217,"date":"2023-02-17T09:09:18","date_gmt":"2023-02-17T09:09:18","guid":{"rendered":"https:\/\/ew.app-specials.com\/wordpress\/?page_id=1217"},"modified":"2023-06-06T06:57:06","modified_gmt":"2023-06-06T06:57:06","slug":"legalnotice","status":"publish","type":"page","link":"https:\/\/dev.ad-artists.de\/en\/legalnotice\/","title":{"rendered":"Legal Notice"},"content":{"rendered":"<div data-elementor-type=\"wp-page\" data-elementor-id=\"1217\" class=\"elementor elementor-1217\" data-elementor-post-type=\"page\">\n\t\t\t\t\t\t\t\t\t<section class=\"elementor-section elementor-top-section elementor-element elementor-element-7738bb05 elementor-section-full_width elementor-section-height-default elementor-section-height-default\" data-id=\"7738bb05\" data-element_type=\"section\" data-settings=\"{&quot;background_background&quot;:&quot;classic&quot;}\">\n\t\t\t\t\t\t<div class=\"elementor-container elementor-column-gap-default\">\n\t\t\t\t\t<div class=\"elementor-column elementor-col-100 elementor-top-column elementor-element elementor-element-7bc67b2a\" data-id=\"7bc67b2a\" data-element_type=\"column\">\n\t\t\t<div class=\"elementor-widget-wrap elementor-element-populated\">\n\t\t\t\t\t\t\t\t<div class=\"elementor-element elementor-element-2d98feca elementor-widget elementor-widget-image\" data-id=\"2d98feca\" data-element_type=\"widget\" data-widget_type=\"image.default\">\n\t\t\t\t<div class=\"elementor-widget-container\">\n\t\t\t<style>\/*! elementor - v3.18.0 - 08-12-2023 *\/\n.elementor-widget-image{text-align:center}.elementor-widget-image a{display:inline-block}.elementor-widget-image a img[src$=\".svg\"]{width:48px}.elementor-widget-image img{vertical-align:middle;display:inline-block}<\/style>\t\t\t\t\t\t\t\t\t\t\t\t\t<a href=\"\/en\/\">\n\t\t\t\t\t\t\t<img decoding=\"async\" width=\"50\" height=\"50\" src=\"https:\/\/dev.ad-artists.de\/wp-content\/uploads\/2023\/05\/Logo_50x50.png\" class=\"attachment-full size-full wp-image-5035\" alt=\"\" srcset=\"https:\/\/dev.ad-artists.de\/wp-content\/uploads\/2023\/05\/Logo_50x50.png 50w, https:\/\/dev.ad-artists.de\/wp-content\/uploads\/2023\/05\/Logo_50x50-12x12.png 12w, https:\/\/dev.ad-artists.de\/wp-content\/uploads\/2023\/05\/elementor\/thumbs\/Logo_50x50-q7iot1c35bu223i6z6gn6goxxsba3thvmw7bi864cw.png 40w\" sizes=\"(max-width: 50px) 100vw, 50px\" \/>\t\t\t\t\t\t\t\t<\/a>\n\t\t\t\t\t\t\t\t\t\t\t\t\t\t\t<\/div>\n\t\t\t\t<\/div>\n\t\t\t\t\t<\/div>\n\t\t<\/div>\n\t\t\t\t\t\t\t<\/div>\n\t\t<\/section>\n\t\t\t\t<section class=\"elementor-section elementor-top-section elementor-element elementor-element-5e2ed6e8 elementor-section-height-min-height elementor-section-boxed elementor-section-height-default elementor-section-items-middle\" data-id=\"5e2ed6e8\" data-element_type=\"section\" data-settings=\"{&quot;background_background&quot;:&quot;classic&quot;}\">\n\t\t\t\t\t\t<div class=\"elementor-container elementor-column-gap-default\">\n\t\t\t\t\t<div class=\"elementor-column elementor-col-100 elementor-top-column elementor-element elementor-element-207717c2\" data-id=\"207717c2\" data-element_type=\"column\">\n\t\t\t<div class=\"elementor-widget-wrap elementor-element-populated\">\n\t\t\t\t\t\t\t\t<div class=\"elementor-element elementor-element-7f8e260 elementor-widget elementor-widget-heading\" data-id=\"7f8e260\" data-element_type=\"widget\" data-widget_type=\"heading.default\">\n\t\t\t\t<div class=\"elementor-widget-container\">\n\t\t\t<style>\/*! elementor - v3.18.0 - 08-12-2023 *\/\n.elementor-heading-title{padding:0;margin:0;line-height:1}.elementor-widget-heading .elementor-heading-title[class*=elementor-size-]>a{color:inherit;font-size:inherit;line-height:inherit}.elementor-widget-heading .elementor-heading-title.elementor-size-small{font-size:15px}.elementor-widget-heading .elementor-heading-title.elementor-size-medium{font-size:19px}.elementor-widget-heading .elementor-heading-title.elementor-size-large{font-size:29px}.elementor-widget-heading .elementor-heading-title.elementor-size-xl{font-size:39px}.elementor-widget-heading .elementor-heading-title.elementor-size-xxl{font-size:59px}<\/style><h1 class=\"elementor-heading-title elementor-size-xl\">IMPRESSUM<\/h1>\t\t<\/div>\n\t\t\t\t<\/div>\n\t\t\t\t<div class=\"elementor-element elementor-element-a8a8917 elementor-widget elementor-widget-text-editor\" data-id=\"a8a8917\" data-element_type=\"widget\" data-widget_type=\"text-editor.default\">\n\t\t\t\t<div class=\"elementor-widget-container\">\n\t\t\t<style>\/*! elementor - v3.18.0 - 08-12-2023 *\/\n.elementor-widget-text-editor.elementor-drop-cap-view-stacked .elementor-drop-cap{background-color:#69727d;color:#fff}.elementor-widget-text-editor.elementor-drop-cap-view-framed .elementor-drop-cap{color:#69727d;border:3px solid;background-color:transparent}.elementor-widget-text-editor:not(.elementor-drop-cap-view-default) .elementor-drop-cap{margin-top:8px}.elementor-widget-text-editor:not(.elementor-drop-cap-view-default) .elementor-drop-cap-letter{width:1em;height:1em}.elementor-widget-text-editor .elementor-drop-cap{float:left;text-align:center;line-height:1;font-size:50px}.elementor-widget-text-editor .elementor-drop-cap-letter{display:inline-block}<\/style>\t\t\t\t<p>Dienstanbieter: ad-artists GmbH<br \/>Hasselweg 31<br \/>D-34131 Kassel <br \/>Germany<br \/>Telefon: +49 (0)561 &#8211; 310970-0<\/p><p>E-Mail: info@ad-artists.de<br \/>Gesch\u00e4ftsf\u00fchrer: Martin Benderoth<\/p><p>Handelsregister: Amtsgericht Kassel, Handelsregister Abteilung B, Nr. 7524<br \/>Umsatzsteuer-Identifikations-Nr.: DE 815038615<\/p><p>Verantwortlich gem\u00e4\u00df \u00a7 55 RStV ist der Gesch\u00e4ftsf\u00fchrer Martin Benderoth, info@ad-artists.de.<\/p><p>Die ad-artists GmbH hat nur eine Betriebsst\u00e4tte, einen Sitz und eine Gesch\u00e4ftsanschrift. Die Gesch\u00e4ftsanschrift gilt deswegen f\u00fcr alle Angelegenheiten und Anl\u00e4sse.<\/p>\t\t\t\t\t\t<\/div>\n\t\t\t\t<\/div>\n\t\t\t\t<div class=\"elementor-element elementor-element-fce126d elementor-widget elementor-widget-heading\" data-id=\"fce126d\" data-element_type=\"widget\" data-widget_type=\"heading.default\">\n\t\t\t\t<div class=\"elementor-widget-container\">\n\t\t\t<h2 class=\"elementor-heading-title elementor-size-large\">Haftungsausschluss<\/h2>\t\t<\/div>\n\t\t\t\t<\/div>\n\t\t\t\t<div class=\"elementor-element elementor-element-c6f4fbe elementor-widget elementor-widget-text-editor\" data-id=\"c6f4fbe\" data-element_type=\"widget\" data-widget_type=\"text-editor.default\">\n\t\t\t\t<div class=\"elementor-widget-container\">\n\t\t\t\t\t\t\t<p>Die ad-artists GmbH bem\u00fcht sich im Rahmen des Zumutbaren, auf dieser Website richtige, vollst\u00e4ndige und aktuelle Informationen bereit zu halten. Trotzdem kann sie keine Gew\u00e4hr, Garantie oder Haftung f\u00fcr die jederzeitige Richtigkeit, Vollst\u00e4ndigkeit und Aktualit\u00e4t der In-formationen \u00fcbernehmen. Dies gilt auch f\u00fcr die Richtigkeit, Vollst\u00e4ndigkeit und Aktualit\u00e4t von Informationen in den Websites anderer Anbieter, auf die diese Website verweist oder verlinkt. Anspr\u00fcche gegen die ad-artists GmbH wegen unrichtiger, unvollst\u00e4ndiger oder nicht aktueller Informationen werden im rechtlich weitestgehend m\u00f6glichen Umfang ausgeschlossen.<\/p><p>Durch einen Klick auf einen Link zu einem anderen Anbieter verlassen Sie die Website der ad-artists GmbH und wechseln auf die Website des anderen Anbieters. Die ad-artists GmbH hat auf die Inhalte dieser anderen Website keinen Einfluss und kann f\u00fcr sie keinerlei Verantwortung \u00fcbernehmen. F\u00fcr die Inhalte der anderen Website ist ausschlie\u00dflich derjenige verantwortlich, der sie betreibt.<\/p>\t\t\t\t\t\t<\/div>\n\t\t\t\t<\/div>\n\t\t\t\t<div class=\"elementor-element elementor-element-25d8792 elementor-widget elementor-widget-heading\" data-id=\"25d8792\" data-element_type=\"widget\" data-widget_type=\"heading.default\">\n\t\t\t\t<div class=\"elementor-widget-container\">\n\t\t\t<h2 class=\"elementor-heading-title elementor-size-large\">\u00c4nderungsvorbehalt<\/h2>\t\t<\/div>\n\t\t\t\t<\/div>\n\t\t\t\t<div class=\"elementor-element elementor-element-60f79be elementor-widget elementor-widget-text-editor\" data-id=\"60f79be\" data-element_type=\"widget\" data-widget_type=\"text-editor.default\">\n\t\t\t\t<div class=\"elementor-widget-container\">\n\t\t\t\t\t\t\t<p>Die ad-artists GmbH beh\u00e4lt sich vor, die auf dieser Website bereitgestellten Informationen jederzeit ohne vorherige Ank\u00fcndigung zu \u00e4ndern, zu erg\u00e4nzen oder zu entfernen oder ihre Ver\u00f6ffentlichung zeitweise oder dauerhaft ganz oder teilweise einzustellen.<\/p>\t\t\t\t\t\t<\/div>\n\t\t\t\t<\/div>\n\t\t\t\t<div class=\"elementor-element elementor-element-9f40b23 elementor-widget elementor-widget-heading\" data-id=\"9f40b23\" data-element_type=\"widget\" data-widget_type=\"heading.default\">\n\t\t\t\t<div class=\"elementor-widget-container\">\n\t\t\t<h2 class=\"elementor-heading-title elementor-size-large\">Urheberrechte<\/h2>\t\t<\/div>\n\t\t\t\t<\/div>\n\t\t\t\t<div class=\"elementor-element elementor-element-21898cd elementor-widget elementor-widget-text-editor\" data-id=\"21898cd\" data-element_type=\"widget\" data-widget_type=\"text-editor.default\">\n\t\t\t\t<div class=\"elementor-widget-container\">\n\t\t\t\t\t\t\t<p>Die Inhalte der Website der ad-artists GmbH sind urheberrechtlich gesch\u00fctzt.<\/p><p>Deswegen d\u00fcrfen diese Inhalte nur nach vorheriger schriftlicher Zustimmung der ad-artists GmbH vervielf\u00e4ltigt, verbreitet oder \u00f6ffentlich wiedergegeben werden. Dies gilt f\u00fcr Text- oder Bildmaterial aller Art, f\u00fcr graphische Elemente und auch f\u00fcr das Layout insgesamt, soweit f\u00fcr diese Inhalte urheberrechtlicher Schutz besteht.<\/p><p>Ohne vorherige Zustimmung d\u00fcrfen Sie allerdings die Spielangebote nutzen, die die ad-artists GmbH auf dieser Website f\u00fcr Besucher bereitstellt. Allerdings d\u00fcrfen Sie sie nur bestimmungsgem\u00e4\u00df und so nutzen, wie sie angeboten werden und nur f\u00fcr privaten Zwecke. Jede weitergehende Nutzung, insbesondere f\u00fcr gewerbliche oder publizistische Zwecke, bedarf der vorherigen schriftlichen Einwilligung der ad-artists GmbH.<\/p><p>F\u00fcr publizistische Zwecke frei nutzen d\u00fcrfen Sie Text- und Bildmaterial, das ausdr\u00fccklich als \u201ePressemitteilungen\u201c zur Nutzung und Verbreitung angeboten und ausdr\u00fccklich als solches bezeichnet wird. Solches Text- und Bildmaterial darf ohne die vorherige schriftliche Zustimmung der ad-artists GmbH f\u00fcr publizistische Zwecke heruntergeladen, weiter vervielf\u00e4ltigt und verbreitet werden, sofern in der Vervielf\u00e4ltigung, Verbreitung und Widergabe die ad-artists GmbH als Quelle genannt wird.<\/p>\t\t\t\t\t\t<\/div>\n\t\t\t\t<\/div>\n\t\t\t\t<div class=\"elementor-element elementor-element-16f2a2c elementor-widget elementor-widget-heading\" data-id=\"16f2a2c\" data-element_type=\"widget\" data-widget_type=\"heading.default\">\n\t\t\t\t<div class=\"elementor-widget-container\">\n\t\t\t<h2 class=\"elementor-heading-title elementor-size-large\">Markenrechte<\/h2>\t\t<\/div>\n\t\t\t\t<\/div>\n\t\t\t\t<div class=\"elementor-element elementor-element-cb92c09 elementor-widget elementor-widget-text-editor\" data-id=\"cb92c09\" data-element_type=\"widget\" data-widget_type=\"text-editor.default\">\n\t\t\t\t<div class=\"elementor-widget-container\">\n\t\t\t\t\t\t\t<p>Der Name unseres Unternehmen, n\u00e4mlich \u201ead-artists\u201c, ist als Wort- und Wort-\/Bildmarke sowie als Bewegungsmarke beim Deutschen Patent- und Markenamt eingetragen. Er ist dadurch und auch durch langj\u00e4hrige Nutzung als Marke im Sinne des Markengesetztes gesch\u00fctzt: Ohne Zustimmung der ad-artists GmbH darf der Name insbesondere nicht in identischer oder \u00e4hnlicher Weise als Bezeichnung f\u00fcr Waren oder Dienstleistungen genutzt werden, f\u00fcr die die Marke Schutz genie\u00dft, oder die diesen Waren oder Dienstleistungen \u00e4hnlich sind; ebenso darf er nicht in identischer oder \u00e4hnlicher Weise als Name f\u00fcr Unternehmen genutzt werden.<\/p>\t\t\t\t\t\t<\/div>\n\t\t\t\t<\/div>\n\t\t\t\t<div class=\"elementor-element elementor-element-686b683 elementor-widget elementor-widget-heading\" data-id=\"686b683\" data-element_type=\"widget\" data-widget_type=\"heading.default\">\n\t\t\t\t<div class=\"elementor-widget-container\">\n\t\t\t<h2 class=\"elementor-heading-title elementor-size-large\">Setzen von Links auf die Website der ad-artists GmbH<\/h2>\t\t<\/div>\n\t\t\t\t<\/div>\n\t\t\t\t<div class=\"elementor-element elementor-element-65e8655 elementor-widget elementor-widget-text-editor\" data-id=\"65e8655\" data-element_type=\"widget\" data-widget_type=\"text-editor.default\">\n\t\t\t\t<div class=\"elementor-widget-container\">\n\t\t\t\t\t\t\t<p>Ein Link auf die Website der ad-artists GmbH darf nur gesetzt werden, wenn der Link auf die Homepage mit der Internetadresse www.ad-artists.de weist (keine Deeplinks) und wenn dadurch keine Rechte der ad-artists GmbH verletzt werden, insbesondere keine Urheber-, Leistungsschutz- oder Kennzeichenrechte. Andere Links bed\u00fcrfen der vorherigen schriftlichen Zustimmung der ad-artists GmbH.<\/p>\t\t\t\t\t\t<\/div>\n\t\t\t\t<\/div>\n\t\t\t\t<div class=\"elementor-element elementor-element-c0f56c1 elementor-widget elementor-widget-heading\" data-id=\"c0f56c1\" data-element_type=\"widget\" data-widget_type=\"heading.default\">\n\t\t\t\t<div class=\"elementor-widget-container\">\n\t\t\t<h2 class=\"elementor-heading-title elementor-size-large\">Vorraussetzungen f\u00fcr die Nutzung der Website der ad-artists GmbH<\/h2>\t\t<\/div>\n\t\t\t\t<\/div>\n\t\t\t\t<div class=\"elementor-element elementor-element-621a22c elementor-widget elementor-widget-text-editor\" data-id=\"621a22c\" data-element_type=\"widget\" data-widget_type=\"text-editor.default\">\n\t\t\t\t<div class=\"elementor-widget-container\">\n\t\t\t\t\t\t\t<p>Die Website der ad-artists GmbH setzt JavaScript ein, um einige Vorg\u00e4nge f\u00fcr Anwender einfacher zu gestalten (komfortsteigernde Funktionen). JavaScript wird daher f\u00fcr die Nutzung der Website ausdr\u00fccklich empfohlen. Nur mit aktiviertem JavaScript k\u00f6nnen Sie den vollen Funktionsumfang unserer Webseite nutzen. Wenn Sie dennoch Sicherheitsbedenken haben und JavaScript deaktivieren, kann es sein, dass Ihnen Inhalte oder Angebote der Website der ad-artists GmbH nicht oder nur teilweise zur Verf\u00fcgung stehen.<\/p><p>Zus\u00e4tzlich empfehlen wir, den f\u00fcr unsere Website optimierten freien Webbrowser &#8222;Mozilla Firefox&#8220; zu verwenden. Von uns durchgef\u00fchrte Geschwindigkeits- und Sicherheitstests haben ergeben, dass Sie mit dem Webbrowser Firefox und Google Chrome, jeweils in aktueller Version, die besten Ergebnisse erzielen.<\/p><p>Generell unterst\u00fctzen wir die nachfolgenden Webbrowser (sowie die Darstellung auf mobilen Ger\u00e4ten):<\/p><ul><li>Google Chrome ab Version 5<\/li><li>Firefox-Browser ab Version 4<\/li><li>Internet Explorer ab Version 9<\/li><li>Opera ab Version 12<\/li><li>Safari ab Version 5<\/li><\/ul><p>Bei \u00e4lteren Webbrowser-Versionen sowie \u00e4lteren mobilen Ger\u00e4ten kann es zu grafischen Abweichungen in der Anzeige von Schriften und Styles kommen.<\/p>\t\t\t\t\t\t<\/div>\n\t\t\t\t<\/div>\n\t\t\t\t\t<\/div>\n\t\t<\/div>\n\t\t\t\t\t\t\t<\/div>\n\t\t<\/section>\n\t\t\t\t\t\t\t<\/div>","protected":false},"excerpt":{"rendered":"<p>IMPRESSUM Dienstanbieter: ad-artists GmbHHasselweg 31D-34131 Kassel GermanyTelefon: +49 (0)561 &#8211; 310970-0 E-Mail: info@ad-artists.deGesch\u00e4ftsf\u00fchrer: Martin Benderoth Handelsregister: Amtsgericht Kassel, Handelsregister Abteilung B, Nr. 7524Umsatzsteuer-Identifikations-Nr.: DE 815038615 Verantwortlich gem\u00e4\u00df \u00a7 55 RStV ist der Gesch\u00e4ftsf\u00fchrer Martin Benderoth, info@ad-artists.de. Die ad-artists GmbH hat nur eine Betriebsst\u00e4tte, einen Sitz und eine Gesch\u00e4ftsanschrift. Die Gesch\u00e4ftsanschrift gilt deswegen f\u00fcr alle Angelegenheiten [&hellip;]<\/p>","protected":false},"author":1,"featured_media":0,"parent":0,"menu_order":0,"comment_status":"closed","ping_status":"closed","template":"","meta":{"footnotes":""},"class_list":["post-1217","page","type-page","status-publish","hentry"],"aioseo_notices":[],"_links":{"self":[{"href":"https:\/\/dev.ad-artists.de\/en\/wp-json\/wp\/v2\/pages\/1217","targetHints":{"allow":["GET"]}}],"collection":[{"href":"https:\/\/dev.ad-artists.de\/en\/wp-json\/wp\/v2\/pages"}],"about":[{"href":"https:\/\/dev.ad-artists.de\/en\/wp-json\/wp\/v2\/types\/page"}],"author":[{"embeddable":true,"href":"https:\/\/dev.ad-artists.de\/en\/wp-json\/wp\/v2\/users\/1"}],"replies":[{"embeddable":true,"href":"https:\/\/dev.ad-artists.de\/en\/wp-json\/wp\/v2\/comments?post=1217"}],"version-history":[{"count":0,"href":"https:\/\/dev.ad-artists.de\/en\/wp-json\/wp\/v2\/pages\/1217\/revisions"}],"wp:attachment":[{"href":"https:\/\/dev.ad-artists.de\/en\/wp-json\/wp\/v2\/media?parent=1217"}],"curies":[{"name":"wp","href":"https:\/\/api.w.org\/{rel}","templated":true}]}}